{"id":16,"date":"2012-06-15T10:48:04","date_gmt":"2012-06-15T10:48:04","guid":{"rendered":"https:\/\/www.redearthcentre.com\/fr\/?page_id=16"},"modified":"2026-04-02T15:31:10","modified_gmt":"2026-04-02T13:31:10","slug":"mon-parcours","status":"publish","type":"page","link":"https:\/\/www.redearthcentre.com\/fr\/louisa-raszyk\/mon-parcours\/","title":{"rendered":"Mon Parcours"},"content":{"rendered":"<div class=\"wp-block-image\">\n<figure class=\"aligncenter size-large is-resized\"><img loading=\"lazy\" decoding=\"async\" width=\"550\" height=\"550\" src=\"https:\/\/www.redearthcentre.com\/fr\/wp-content\/uploads\/2025\/09\/002-bonus-lsrom79UMqg-550x550.jpeg\" alt=\"\" class=\"wp-image-2205\" style=\"width:375px;height:auto\" srcset=\"https:\/\/www.redearthcentre.com\/fr\/wp-content\/uploads\/2025\/09\/002-bonus-lsrom79UMqg-550x550.jpeg 550w, https:\/\/www.redearthcentre.com\/fr\/wp-content\/uploads\/2025\/09\/002-bonus-lsrom79UMqg-150x150.jpeg 150w, https:\/\/www.redearthcentre.com\/fr\/wp-content\/uploads\/2025\/09\/002-bonus-lsrom79UMqg-768x768.jpeg 768w, https:\/\/www.redearthcentre.com\/fr\/wp-content\/uploads\/2025\/09\/002-bonus-lsrom79UMqg-300x300.jpeg 300w, https:\/\/www.redearthcentre.com\/fr\/wp-content\/uploads\/2025\/09\/002-bonus-lsrom79UMqg-600x600.jpeg 600w, https:\/\/www.redearthcentre.com\/fr\/wp-content\/uploads\/2025\/09\/002-bonus-lsrom79UMqg-100x100.jpeg 100w, https:\/\/www.redearthcentre.com\/fr\/wp-content\/uploads\/2025\/09\/002-bonus-lsrom79UMqg.jpeg 1024w\" sizes=\"auto, (max-width: 550px) 100vw, 550px\" \/><\/figure>\n<\/div>\n\n\n<p>Je travaille dans le domaine du mouvement conscient et de la th\u00e9rapie somatique depuis 30 ans. Je suis n\u00e9 dans un coin recul\u00e9 du sud-ouest de l&#8217;Australie, sur les terres Kepa Kurl Wudjari de la nation Nynungar et du peuple Ngadju, connu sous le nom d&#8217;Esp\u00e9rance. La puissante nature sauvage de cet endroit a \u00e9t\u00e9 ma premi\u00e8re exp\u00e9rience somatique et continue de me nourrir.<\/p>\n\n\n\n<p>A l&#8217;issue de mes \u00e9tudes de langue japonaise et litt\u00e9rature anglaise \u00e0 l&#8217;University of Western Australia, j&#8217;ai d\u00e9m\u00e9nag\u00e9e au Japon, o\u00f9 j&#8217;ai \u00e9tudi\u00e9e pendant 5 ans la danse, le shiatsu et le qi gong. Le voyage de la danse s&#8217;est poursuivi en Espagne, continuant avec le Somatic Awareness de Godfrey Devereux et commen\u00e7ant \u00e0 d\u00e9velopper mon hybride unique de butoh et de flamenco, et travaillant comme th\u00e9rapeute shiatsu.<\/p>\n\n\n\n<p>En 2004 \u00e0 Paris, j&#8217;ai cr\u00e9\u00e9 le Red Earth Centre pour \u00ab global body investigation \u00bb, un laboratoire de recherche sur le corps en mouvement s&#8217;articulant autour d&#8217;un noyau de yoga somatique, de mouvement conscient, de shiatsu et de danse. J&#8217;ai travaill\u00e9 l\u00e0-bas jusqu&#8217;\u00e0 la fermeture du centre en 2018, afin de poursuivre mon activit\u00e9 de praticienne somatique tout en d\u00e9veloppant mon travail d&#8217;\u00e9criture et d&#8217;\u00e9dition. Mon exploration constante de l&#8217;identit\u00e9 \u00e0 travers l&#8217;exploration somatique a toujours \u00e9t\u00e9 accompagn\u00e9e par la lecture et l&#8217;\u00e9criture. Toutes ces activit\u00e9s se sont concr\u00e9tis\u00e9es dans mon travail pour la maison d&#8217;\u00e9dition ind\u00e9pendante parisienne Synchronique Editions, o\u00f9 je dirige aujourd&#8217;hui une collection consacr\u00e9e \u00e0 la litt\u00e9rature des Premi\u00e8res Nations australiennes et g\u00e8re la section litt\u00e9rature australienne de la librairie Le R\u00eave du papillon, situ\u00e9e au 7, rue des Foss\u00e9s-Saint-Jacques, Paris 5.<\/p>\n\n\n\n<p>Je continue \u00e0 enseigner des cours, en combinant des gestes accessibles et doux inspir\u00e9s de postures de yoga revisit\u00e9es, \u00e0 travers le prisme du neurodevelopment movement et des fundamental movement. Je suis motiv\u00e9e et inspir\u00e9e par les histoires de nos corps, ainsi que par la mani\u00e8re dont la simple prise de conscience du mouvement touche aux liens profonds qui unissent perception, action, m\u00e9moire et changement, r\u00e9v\u00e9lant ainsi toute la puissance et l\u2019\u00e9tendue de l\u2019intelligence somatique. Et, par l\u00e0 m\u00eame, le pouvoir de cultiver la conscience et de favoriser le changement.<\/p>\n\n\n\n<p><\/p>\n\n\n\n<p><\/p>\n\n\n\n<p><\/p>\n\n\n\n<p><\/p>\n\n\n\n<p><iframe loading=\"lazy\" src=\"https:\/\/player.vimeo.com\/video\/44954521?title=0&amp;byline=0&amp;portrait=0&amp;color=ff0179\" width=\"700\" height=\"373\" frameborder=\"0\"><\/iframe><\/p>\n","protected":false},"excerpt":{"rendered":"<p>Je travaille dans le domaine du mouvement conscient et de la th\u00e9rapie somatique depuis 30 ans. Je suis n\u00e9 dans un coin recul\u00e9 du sud-ouest de l&#8217;Australie, sur les terres Kepa Kurl Wudjari de la nation Nynungar et du peuple Ngadju, connu sous le nom d&#8217;Esp\u00e9rance. La puissante nature sauvage de cet endroit a \u00e9t\u00e9 [&hellip;]<\/p>\n","protected":false},"author":1,"featured_media":0,"parent":6,"menu_order":5,"comment_status":"closed","ping_status":"closed","template":"","meta":{"_acf_changed":false,"_monsterinsights_skip_tracking":false,"_monsterinsights_sitenote_active":false,"_monsterinsights_sitenote_note":"","_monsterinsights_sitenote_category":0,"footnotes":"","_links_to":"","_links_to_target":""},"class_list":["post-16","page","type-page","status-publish","hentry"],"acf":[],"_links":{"self":[{"href":"https:\/\/www.redearthcentre.com\/fr\/wp-json\/wp\/v2\/pages\/16","targetHints":{"allow":["GET"]}}],"collection":[{"href":"https:\/\/www.redearthcentre.com\/fr\/wp-json\/wp\/v2\/pages"}],"about":[{"href":"https:\/\/www.redearthcentre.com\/fr\/wp-json\/wp\/v2\/types\/page"}],"author":[{"embeddable":true,"href":"https:\/\/www.redearthcentre.com\/fr\/wp-json\/wp\/v2\/users\/1"}],"replies":[{"embeddable":true,"href":"https:\/\/www.redearthcentre.com\/fr\/wp-json\/wp\/v2\/comments?post=16"}],"version-history":[{"count":32,"href":"https:\/\/www.redearthcentre.com\/fr\/wp-json\/wp\/v2\/pages\/16\/revisions"}],"predecessor-version":[{"id":2223,"href":"https:\/\/www.redearthcentre.com\/fr\/wp-json\/wp\/v2\/pages\/16\/revisions\/2223"}],"up":[{"embeddable":true,"href":"https:\/\/www.redearthcentre.com\/fr\/wp-json\/wp\/v2\/pages\/6"}],"wp:attachment":[{"href":"https:\/\/www.redearthcentre.com\/fr\/wp-json\/wp\/v2\/media?parent=16"}],"curies":[{"name":"wp","href":"https:\/\/api.w.org\/{rel}","templated":true}]}}