{"id":8,"date":"2012-06-15T10:45:06","date_gmt":"2012-06-15T10:45:06","guid":{"rendered":"https:\/\/www.redearthcentre.com\/fr\/?page_id=8"},"modified":"2019-11-22T11:43:14","modified_gmt":"2019-11-22T10:43:14","slug":"philosophie-du-red-earth-centre","status":"publish","type":"page","link":"https:\/\/www.redearthcentre.com\/fr\/red-earth-centre\/philosophie-du-red-earth-centre\/","title":{"rendered":"Philosophie du Red Earth Centre"},"content":{"rendered":"<p><a href=\"https:\/\/www.redearthcentre.com\/fr\/wp-content\/uploads\/2012\/06\/dreamstimeextrasmall_7144980.jpg\"><img loading=\"lazy\" decoding=\"async\" class=\"alignleft size-medium wp-image-199\" title=\"Red molten lava from the centre of the earth\" src=\"https:\/\/www.redearthcentre.com\/fr\/wp-content\/uploads\/2012\/06\/dreamstimeextrasmall_7144980-300x199.jpg\" alt=\"\" width=\"300\" height=\"199\" srcset=\"https:\/\/www.redearthcentre.com\/fr\/wp-content\/uploads\/2012\/06\/dreamstimeextrasmall_7144980-300x199.jpg 300w, https:\/\/www.redearthcentre.com\/fr\/wp-content\/uploads\/2012\/06\/dreamstimeextrasmall_7144980-148x98.jpg 148w, https:\/\/www.redearthcentre.com\/fr\/wp-content\/uploads\/2012\/06\/dreamstimeextrasmall_7144980-31x20.jpg 31w, https:\/\/www.redearthcentre.com\/fr\/wp-content\/uploads\/2012\/06\/dreamstimeextrasmall_7144980-38x25.jpg 38w, https:\/\/www.redearthcentre.com\/fr\/wp-content\/uploads\/2012\/06\/dreamstimeextrasmall_7144980-323x215.jpg 323w, https:\/\/www.redearthcentre.com\/fr\/wp-content\/uploads\/2012\/06\/dreamstimeextrasmall_7144980.jpg 480w\" sizes=\"auto, (max-width: 300px) 100vw, 300px\" \/><\/a><\/p>\n<p>De 2004 \u00e0 2019, Louisa Raszyk a cr\u00e9\u00e9 et g\u00e9r\u00e9 le Red Earth Center \u00e0 Paris: un petit studio de yoga parisien pr\u00e9cieux dot\u00e9 d&#8217;un profil unique. En juillet 2019, Louisa a ferm\u00e9 le centre pour mieux r\u00e9pondre aux besoins croissants et changeants de ses \u00e9tudiants et de ses clients et pour poursuivre plus efficacement ses recherches en cours en th\u00e9rapie psychocorporelle (yoga, mouvement, shiatsu). Elle consulte et enseigne depuis son cabinet \u00e0 Paris 10, Verri\u00e8res Le Buisson, \u00e0 Centre Ahimsa College d&#8217;Ayurveda, en retraite et en ligne.<\/p>\n<p>D\u00e9di\u00e9e \u00e0 l&#8217;exploration et \u00e0 l&#8217;approfondissement de la relation entre le corps physique et l&#8217;esprit, Louisa propose un espace tranquille pour exp\u00e9rimenter un bien-\u00eatre profond, articul\u00e9 autour d&#8217;un noyau de yoga somatique, de shiatsu et de mouvement.<\/p>\n<p>Louisa a \u00e9t\u00e9 influenc\u00e9e par de nombreuses techniques corporelles au cours des 30 derni\u00e8res ann\u00e9es. Ses influences les plus profondes ont \u00e9t\u00e9: la danse, le yoga somatique, le shiatsu, les mouvements developmentaux, l\u2019analyse jungienne, la trauma th\u00e9rapie et la m\u00e9ditation zen. Tous ses formations cette travaille personnelle lui ont emmener \u00e0 proposer des cours de mouvement en groupe et en individuel, et aussi les consultations de shiatsu, afin de r\u00e9veiller notre capacit\u00e9 \u00e0 ressentir et de favoriser la reconnexion la plus profonde avec notre \u00eatre.<\/p>\n<p>L&#8217;image de la \u00abterre rouge\u00bb rappelle l&#8217;Australie et le lien fondamental que nous partageons tous avec nos origines anciennes et primitives. Au plus profond de la terre se trouve un noyau de feu, une m\u00e9taphore puissante de l&#8217;esprit (et de l&#8217;esprit) enferm\u00e9 dans et exprim\u00e9 par le corps physique.<\/p>\n<p>TEMOINAGE<\/p>\n<p><em>&#8220;Je ne suis pas un connaisseur du yoga. Je suis all\u00e9 au Red Earth Center lors d&#8217;une journ\u00e9e &#8220;portes ouvertes&#8221;. Depuis j&#8217;y retourne avec un grand plaisir. L&#8217;accueil est tr\u00e8s bon, et les s\u00e9ances de qualit\u00e9 gr\u00e2ce au travail des animateurs du centre. On en ressort en forme non seulement dans le corps mais aussi dans la t\u00eate.&#8221; <\/em>Julien, Paris<\/p>\n<p><em>&#8220;<\/em>\u00a0<em>Finding this oasis in the heart of Paris when I first moved here four years ago really was a revelation&#8230;&#8221; <\/em>Mandy, Paris<\/p>\n<p><iframe loading=\"lazy\" src=\"https:\/\/player.vimeo.com\/video\/44954521?title=0&amp;byline=0&amp;portrait=0&amp;color=ff0179\" width=\"700\" height=\"373\" frameborder=\"0\"><\/iframe><\/p>\n","protected":false},"excerpt":{"rendered":"<p>De 2004 \u00e0 2019, Louisa Raszyk a cr\u00e9\u00e9 et g\u00e9r\u00e9 le Red Earth Center \u00e0 Paris: un petit studio de yoga parisien pr\u00e9cieux dot\u00e9 d&#8217;un profil unique. En juillet 2019, Louisa a ferm\u00e9 le centre pour mieux r\u00e9pondre aux besoins croissants et changeants de ses \u00e9tudiants et de ses clients et pour poursuivre plus efficacement [&hellip;]<\/p>\n","protected":false},"author":1,"featured_media":0,"parent":23,"menu_order":1,"comment_status":"closed","ping_status":"closed","template":"","meta":{"_acf_changed":false,"_monsterinsights_skip_tracking":false,"_monsterinsights_sitenote_active":false,"_monsterinsights_sitenote_note":"","_monsterinsights_sitenote_category":0,"footnotes":"","_links_to":"","_links_to_target":""},"class_list":["post-8","page","type-page","status-publish","hentry"],"acf":[],"_links":{"self":[{"href":"https:\/\/www.redearthcentre.com\/fr\/wp-json\/wp\/v2\/pages\/8","targetHints":{"allow":["GET"]}}],"collection":[{"href":"https:\/\/www.redearthcentre.com\/fr\/wp-json\/wp\/v2\/pages"}],"about":[{"href":"https:\/\/www.redearthcentre.com\/fr\/wp-json\/wp\/v2\/types\/page"}],"author":[{"embeddable":true,"href":"https:\/\/www.redearthcentre.com\/fr\/wp-json\/wp\/v2\/users\/1"}],"replies":[{"embeddable":true,"href":"https:\/\/www.redearthcentre.com\/fr\/wp-json\/wp\/v2\/comments?post=8"}],"version-history":[{"count":12,"href":"https:\/\/www.redearthcentre.com\/fr\/wp-json\/wp\/v2\/pages\/8\/revisions"}],"predecessor-version":[{"id":1167,"href":"https:\/\/www.redearthcentre.com\/fr\/wp-json\/wp\/v2\/pages\/8\/revisions\/1167"}],"up":[{"embeddable":true,"href":"https:\/\/www.redearthcentre.com\/fr\/wp-json\/wp\/v2\/pages\/23"}],"wp:attachment":[{"href":"https:\/\/www.redearthcentre.com\/fr\/wp-json\/wp\/v2\/media?parent=8"}],"curies":[{"name":"wp","href":"https:\/\/api.w.org\/{rel}","templated":true}]}}