{"id":1880,"date":"2022-09-08T15:32:53","date_gmt":"2022-09-08T13:32:53","guid":{"rendered":"https:\/\/www.redearthcentre.com\/fr\/?post_type=product&#038;p=1880"},"modified":"2022-09-08T15:32:54","modified_gmt":"2022-09-08T13:32:54","slug":"wood-element-workshop-spring-in-english-17-09-2022-8h-10h30-cet","status":"publish","type":"product","link":"https:\/\/www.redearthcentre.com\/fr\/product\/wood-element-workshop-spring-in-english-17-09-2022-8h-10h30-cet\/","title":{"rendered":"Wood element workshop (spring) in English 17\/09\/2022 8H &#8211; 10H30 CET"},"content":{"rendered":"<ul>\n<li><strong>une plong\u00e9e dans l\u2019\u00e9l\u00e9ment bois<\/strong>\u00a0(en anglais) pour ceux de l\u2019h\u00e9misph\u00e8re sud (ou pour ceux qui veulent juste bouger leur foie !)\u00a0<strong>Samedi 17 septembre 2022 8H \u2013 10H30 heure de Paris (14H \u2013 16H30 heure WA) uniquement en ligne<\/strong><\/li>\n<\/ul>\n<p>Un atelier de septembre dans l\u2019h\u00e9misph\u00e8re sud pour pr\u00e9parer le corps au PRINTEMPS. En utilisant des mouvements doux et des automassages issus des traditions du yoga, du shiatsu et des mouvements de d\u00e9veloppement \u00e0 fin de stimuler et nourrir les m\u00e9ridiens du foie et de la v\u00e9sicule biliaire.<\/p>\n<p>En m\u00e9decine traditionnelle chinoise, les m\u00e9ridiens sont tonifi\u00e9s par le mouvement, le massage et les changements alimentaires environ un mois avant les changements de saison, refl\u00e9tant le mouvement dans l\u2019environnement naturel.<\/p>\n<p>Au printemps, des changements sont en cours dans les plantes bien avant que nous voyions les fleurs s\u2019ouvrir, et il en est de m\u00eame dans le corps.<\/p>\n<p>L\u2019immense force du ressort est repr\u00e9sent\u00e9e dans les m\u00e9ridiens du foie et de la v\u00e9sicule biliaire et dans l\u2019\u00e9l\u00e9ment bois. c\u2019est une force physique puissante, li\u00e9e \u00e0 un flux physique et \u00e9motionnel facile, \u00e0 l\u2019inspiration et \u00e0 la cr\u00e9ativit\u00e9.<\/p>\n","protected":false},"excerpt":{"rendered":"<p>une plong\u00e9e dans l\u2019\u00e9l\u00e9ment bois\u00a0(en anglais) pour ceux de l\u2019h\u00e9misph\u00e8re sud (ou pour ceux qui veulent juste bouger leur foie !)\u00a0Samedi 17 septembre 2022 8H \u2013 10H30 heure de Paris (14H \u2013 16H30 heure WA) uniquement en ligne Un atelier de septembre dans l\u2019h\u00e9misph\u00e8re sud pour pr\u00e9parer le corps au PRINTEMPS. En utilisant des mouvements [&hellip;]<\/p>\n","protected":false},"featured_media":0,"comment_status":"open","ping_status":"closed","template":"","meta":{"_acf_changed":false,"_monsterinsights_skip_tracking":false,"_monsterinsights_sitenote_active":false,"_monsterinsights_sitenote_note":"","_monsterinsights_sitenote_category":0,"_links_to":"","_links_to_target":""},"product_brand":[],"product_cat":[35],"product_tag":[],"class_list":{"0":"post-1880","1":"product","2":"type-product","3":"status-publish","5":"product_cat-uncategorized","7":"first","8":"instock","9":"shipping-taxable","10":"purchasable","11":"product-type-simple"},"acf":[],"_links":{"self":[{"href":"https:\/\/www.redearthcentre.com\/fr\/wp-json\/wp\/v2\/product\/1880","targetHints":{"allow":["GET"]}}],"collection":[{"href":"https:\/\/www.redearthcentre.com\/fr\/wp-json\/wp\/v2\/product"}],"about":[{"href":"https:\/\/www.redearthcentre.com\/fr\/wp-json\/wp\/v2\/types\/product"}],"replies":[{"embeddable":true,"href":"https:\/\/www.redearthcentre.com\/fr\/wp-json\/wp\/v2\/comments?post=1880"}],"wp:attachment":[{"href":"https:\/\/www.redearthcentre.com\/fr\/wp-json\/wp\/v2\/media?parent=1880"}],"wp:term":[{"taxonomy":"product_brand","embeddable":true,"href":"https:\/\/www.redearthcentre.com\/fr\/wp-json\/wp\/v2\/product_brand?post=1880"},{"taxonomy":"product_cat","embeddable":true,"href":"https:\/\/www.redearthcentre.com\/fr\/wp-json\/wp\/v2\/product_cat?post=1880"},{"taxonomy":"product_tag","embeddable":true,"href":"https:\/\/www.redearthcentre.com\/fr\/wp-json\/wp\/v2\/product_tag?post=1880"}],"curies":[{"name":"wp","href":"https:\/\/api.w.org\/{rel}","templated":true}]}}