{"id":1881,"date":"2022-09-08T15:36:42","date_gmt":"2022-09-08T13:36:42","guid":{"rendered":"https:\/\/www.redearthcentre.com\/fr\/?post_type=product&#038;p=1881"},"modified":"2022-09-08T15:39:23","modified_gmt":"2022-09-08T13:39:23","slug":"atelier-automne-18-09-22-14h-17h30-cet","status":"publish","type":"product","link":"https:\/\/www.redearthcentre.com\/fr\/product\/atelier-automne-18-09-22-14h-17h30-cet\/","title":{"rendered":"Atelier automne 18\/09\/22 14H &#8211; 17H30 CET"},"content":{"rendered":"<p><strong>atelier fin d\u2019\u00e9t\u00e9\/automne dimanche 18 septembre 14H \u2013 17H CET (en fran\u00e7ais) en ligne et en atelier au 25 rue de Longchamp Paris. 75016.<\/strong><\/p>\n<p>\u00c0 la fin de l\u2019\u00e9t\u00e9 et au d\u00e9but de l\u2019automne, le corps se regroupe et vit le changement des mois d\u2019\u00e9t\u00e9 sociaux et joyeux. L\u00e2cher prise vers les jours plus courts et le temps plus frais, l\u2019arriv\u00e9e de l\u2019hiver, peut \u00eatre \u00e0 la fois touchant et r\u00e9fl\u00e9chissant, et non sans une pointe de tristesse alors que nous laissons un autre \u00e9t\u00e9 derri\u00e8re nous. Les m\u00e9ridiens du poumon et du gros intestin sont ceux associ\u00e9s \u00e0 l\u2019automne, ils expriment physiquement et \u00e9motionnellement notre interface avec le monde qui nous entoure. Notre capacit\u00e9, ou non, \u00e0 \u00e9changer avec notre environnement. L\u2019aspect terre de la fin de l\u2019\u00e9t\u00e9 nous aide \u00e0 nous renforcer et s\u2019enraciner et ainsi nous pr\u00e9pare \u00e0 l\u2019exp\u00e9rience subtile de l\u2019automne.<\/p>\n<p>Par le mouvement, l\u2019auto-massage (\u201cdo-in\u201d) et les changements alimentaires saisonniers, nous nourrissons le corps pour qu\u2019il vit ces changements le plus facilement possible.<\/p>\n","protected":false},"excerpt":{"rendered":"<p>atelier fin d\u2019\u00e9t\u00e9\/automne dimanche 18 septembre 14H \u2013 17H CET (en fran\u00e7ais) en ligne et en atelier au 25 rue de Longchamp Paris. 75016. \u00c0 la fin de l\u2019\u00e9t\u00e9 et au d\u00e9but de l\u2019automne, le corps se regroupe et vit le changement des mois d\u2019\u00e9t\u00e9 sociaux et joyeux. L\u00e2cher prise vers les jours plus courts [&hellip;]<\/p>\n","protected":false},"featured_media":0,"comment_status":"open","ping_status":"closed","template":"","meta":{"_acf_changed":false,"_monsterinsights_skip_tracking":false,"_monsterinsights_sitenote_active":false,"_monsterinsights_sitenote_note":"","_monsterinsights_sitenote_category":0,"_links_to":"","_links_to_target":""},"product_brand":[],"product_cat":[35],"product_tag":[],"class_list":{"0":"post-1881","1":"product","2":"type-product","3":"status-publish","5":"product_cat-uncategorized","7":"first","8":"instock","9":"shipping-taxable","10":"purchasable","11":"product-type-simple"},"acf":[],"_links":{"self":[{"href":"https:\/\/www.redearthcentre.com\/fr\/wp-json\/wp\/v2\/product\/1881","targetHints":{"allow":["GET"]}}],"collection":[{"href":"https:\/\/www.redearthcentre.com\/fr\/wp-json\/wp\/v2\/product"}],"about":[{"href":"https:\/\/www.redearthcentre.com\/fr\/wp-json\/wp\/v2\/types\/product"}],"replies":[{"embeddable":true,"href":"https:\/\/www.redearthcentre.com\/fr\/wp-json\/wp\/v2\/comments?post=1881"}],"wp:attachment":[{"href":"https:\/\/www.redearthcentre.com\/fr\/wp-json\/wp\/v2\/media?parent=1881"}],"wp:term":[{"taxonomy":"product_brand","embeddable":true,"href":"https:\/\/www.redearthcentre.com\/fr\/wp-json\/wp\/v2\/product_brand?post=1881"},{"taxonomy":"product_cat","embeddable":true,"href":"https:\/\/www.redearthcentre.com\/fr\/wp-json\/wp\/v2\/product_cat?post=1881"},{"taxonomy":"product_tag","embeddable":true,"href":"https:\/\/www.redearthcentre.com\/fr\/wp-json\/wp\/v2\/product_tag?post=1881"}],"curies":[{"name":"wp","href":"https:\/\/api.w.org\/{rel}","templated":true}]}}