{"id":2037,"date":"2023-06-05T13:47:12","date_gmt":"2023-06-05T11:47:12","guid":{"rendered":"https:\/\/www.redearthcentre.com\/fr\/?post_type=product&#038;p=2037"},"modified":"2023-06-05T13:47:13","modified_gmt":"2023-06-05T11:47:13","slug":"stage-yoga-mouvement-et-auto-massage-pour-lete-dimanche-11-juin-10h-12h30","status":"publish","type":"product","link":"https:\/\/www.redearthcentre.com\/fr\/product\/stage-yoga-mouvement-et-auto-massage-pour-lete-dimanche-11-juin-10h-12h30\/","title":{"rendered":"Stage Yoga, Mouvement et Auto Massage pour l&#8217;\u00e9t\u00e9 dimanche 11 juin 10H &#8211; 12H30"},"content":{"rendered":"<p>Stage de conscience somatique pour l&#8217;\u00e9t\u00e9, pour nourrir les m\u00e9ridiens de l&#8217;element feu. Les mouvements qui nourrissent le corps au d\u00e9but de l&#8217;\u00e9t\u00e9 comprennent des flexions douces du dos et des ouvertures de la poitrine, l&#8217;exploration du volume frontal profond du corps et des pranayamas rafra\u00eechissants. Nous apprendrons l&#8217;automassage pour les m\u00e9ridiens du c\u0153ur, du p\u00e9ricarde, du triple r\u00e9chauffeur et de l&#8217;intestin gr\u00eale et discuterons de la fa\u00e7on dont ces m\u00e9ridiens interviennent dans notre exp\u00e9rience de vie. En ligne ou en studio au Trocad\u00e9ro, Paris. En fran\u00e7ais.<\/p>\n","protected":false},"excerpt":{"rendered":"<p>Stage de conscience somatique pour l&#8217;\u00e9t\u00e9, pour nourrir les m\u00e9ridiens de l&#8217;element feu. Les mouvements qui nourrissent le corps au d\u00e9but de l&#8217;\u00e9t\u00e9 comprennent des flexions douces du dos et des ouvertures de la poitrine, l&#8217;exploration du volume frontal profond du corps et des pranayamas rafra\u00eechissants. Nous apprendrons l&#8217;automassage pour les m\u00e9ridiens du c\u0153ur, du [&hellip;]<\/p>\n","protected":false},"featured_media":0,"comment_status":"open","ping_status":"closed","template":"","meta":{"_acf_changed":false,"_monsterinsights_skip_tracking":false,"_monsterinsights_sitenote_active":false,"_monsterinsights_sitenote_note":"","_monsterinsights_sitenote_category":0,"_links_to":"","_links_to_target":""},"product_brand":[],"product_cat":[35],"product_tag":[],"class_list":{"0":"post-2037","1":"product","2":"type-product","3":"status-publish","5":"product_cat-uncategorized","7":"first","8":"instock","9":"shipping-taxable","10":"purchasable","11":"product-type-simple"},"acf":[],"_links":{"self":[{"href":"https:\/\/www.redearthcentre.com\/fr\/wp-json\/wp\/v2\/product\/2037","targetHints":{"allow":["GET"]}}],"collection":[{"href":"https:\/\/www.redearthcentre.com\/fr\/wp-json\/wp\/v2\/product"}],"about":[{"href":"https:\/\/www.redearthcentre.com\/fr\/wp-json\/wp\/v2\/types\/product"}],"replies":[{"embeddable":true,"href":"https:\/\/www.redearthcentre.com\/fr\/wp-json\/wp\/v2\/comments?post=2037"}],"wp:attachment":[{"href":"https:\/\/www.redearthcentre.com\/fr\/wp-json\/wp\/v2\/media?parent=2037"}],"wp:term":[{"taxonomy":"product_brand","embeddable":true,"href":"https:\/\/www.redearthcentre.com\/fr\/wp-json\/wp\/v2\/product_brand?post=2037"},{"taxonomy":"product_cat","embeddable":true,"href":"https:\/\/www.redearthcentre.com\/fr\/wp-json\/wp\/v2\/product_cat?post=2037"},{"taxonomy":"product_tag","embeddable":true,"href":"https:\/\/www.redearthcentre.com\/fr\/wp-json\/wp\/v2\/product_tag?post=2037"}],"curies":[{"name":"wp","href":"https:\/\/api.w.org\/{rel}","templated":true}]}}