{"id":2164,"date":"2025-01-07T12:39:50","date_gmt":"2025-01-07T11:39:50","guid":{"rendered":"https:\/\/www.redearthcentre.com\/fr\/?post_type=product&#038;p=2164"},"modified":"2025-01-07T12:39:50","modified_gmt":"2025-01-07T11:39:50","slug":"winter-series-mouvement-pour-lhiver-132027-fevrier-19h30","status":"publish","type":"product","link":"https:\/\/www.redearthcentre.com\/fr\/product\/winter-series-mouvement-pour-lhiver-132027-fevrier-19h30\/","title":{"rendered":"WINTER SERIES mouvement pour l&#8217;hiver 13,20,27 f\u00e9vrier 19H30"},"content":{"rendered":"<p>D\u00e9couvrez une s\u00e9rie de 3 cours en ligne d\u00e9di\u00e9s \u00e0 la conscience somatique et au bien-\u00eatre hivernal, alliant mouvements saisonniers et auto-massage inspir\u00e9 par le shiatsu, le yoga et le mouvement neurod\u00e9veloppmental. Ces s\u00e9ances sont con\u00e7ues pour nourrir les m\u00e9ridiens li\u00e9s \u00e0 l&#8217;hiver, et \u00e0 renforcer votre vitalit\u00e9. Rejoignez-nous les lundis soirs 13, 20 et 27 f\u00e9vrier 19h30-20h45 Tarif : 60 \u20ac pour la s\u00e9rie compl\u00e8te.<\/p>\n","protected":false},"excerpt":{"rendered":"<p>D\u00e9couvrez une s\u00e9rie de 3 cours en ligne d\u00e9di\u00e9s \u00e0 la conscience somatique et au bien-\u00eatre hivernal, alliant mouvements saisonniers et auto-massage inspir\u00e9 par le shiatsu, le yoga et le mouvement neurod\u00e9veloppmental. Ces s\u00e9ances sont con\u00e7ues pour nourrir les m\u00e9ridiens li\u00e9s \u00e0 l&#8217;hiver, et \u00e0 renforcer votre vitalit\u00e9. Rejoignez-nous les lundis soirs 13, 20 et [&hellip;]<\/p>\n","protected":false},"featured_media":0,"comment_status":"open","ping_status":"closed","template":"","meta":{"_acf_changed":false,"_monsterinsights_skip_tracking":false,"_monsterinsights_sitenote_active":false,"_monsterinsights_sitenote_note":"","_monsterinsights_sitenote_category":0,"_links_to":"","_links_to_target":""},"product_brand":[],"product_cat":[35],"product_tag":[],"class_list":{"0":"post-2164","1":"product","2":"type-product","3":"status-publish","5":"product_cat-uncategorized","7":"first","8":"instock","9":"shipping-taxable","10":"purchasable","11":"product-type-simple"},"acf":[],"_links":{"self":[{"href":"https:\/\/www.redearthcentre.com\/fr\/wp-json\/wp\/v2\/product\/2164","targetHints":{"allow":["GET"]}}],"collection":[{"href":"https:\/\/www.redearthcentre.com\/fr\/wp-json\/wp\/v2\/product"}],"about":[{"href":"https:\/\/www.redearthcentre.com\/fr\/wp-json\/wp\/v2\/types\/product"}],"replies":[{"embeddable":true,"href":"https:\/\/www.redearthcentre.com\/fr\/wp-json\/wp\/v2\/comments?post=2164"}],"wp:attachment":[{"href":"https:\/\/www.redearthcentre.com\/fr\/wp-json\/wp\/v2\/media?parent=2164"}],"wp:term":[{"taxonomy":"product_brand","embeddable":true,"href":"https:\/\/www.redearthcentre.com\/fr\/wp-json\/wp\/v2\/product_brand?post=2164"},{"taxonomy":"product_cat","embeddable":true,"href":"https:\/\/www.redearthcentre.com\/fr\/wp-json\/wp\/v2\/product_cat?post=2164"},{"taxonomy":"product_tag","embeddable":true,"href":"https:\/\/www.redearthcentre.com\/fr\/wp-json\/wp\/v2\/product_tag?post=2164"}],"curies":[{"name":"wp","href":"https:\/\/api.w.org\/{rel}","templated":true}]}}