{"id":2178,"date":"2025-03-19T15:24:25","date_gmt":"2025-03-19T14:24:25","guid":{"rendered":"https:\/\/www.redearthcentre.com\/fr\/?post_type=product&#038;p=2178"},"modified":"2025-03-19T15:24:25","modified_gmt":"2025-03-19T14:24:25","slug":"stage-de-printemps-mars-24-31-avril-7-2025-19h30-20h45-cet","status":"publish","type":"product","link":"https:\/\/www.redearthcentre.com\/fr\/product\/stage-de-printemps-mars-24-31-avril-7-2025-19h30-20h45-cet\/","title":{"rendered":"Stage de printemps mars 24, 31, avril 7, 2025 19H30 &#8211; 20H45 CET"},"content":{"rendered":"<div>SAME LINK FOR ALL THREE COURSES<\/div>\n<div><\/div>\n<div>Le Printemps !!<\/div>\n<div>Je vous propose un stage de trois semaines, chaque lundi de 19h30 \u00e0 20h45. Inspir\u00e9 par la m\u00e9decine traditionnelle chinoise, ce cours \u00e9quilibre les m\u00e9ridiens du Foie et de la V\u00e9sicule biliaire, influen\u00e7ant le flux de l&#8217;\u00e9nergie, l&#8217;\u00e9quilibre \u00e9motionnel et la d\u00e9toxification.<\/div>\n<div>&#8211; yoga doux et mouvements pour am\u00e9liorer la flexibilit\u00e9.<\/div>\n<div>&#8211; Techniques d&#8217;auto-massage guid\u00e9es pour lib\u00e9rer les tensions.<\/div>\n<div>&#8211; Principes de m\u00e9decine traditionnelle chinoise pour s&#8217;aligner sur l&#8217;\u00e9nergie du printemps.<\/div>\n<div><\/div>\n<div>Dates : les lundi 24, 31 mars et 7 avril, 19h30-20h45<\/div>\n<div>En Visio, vous pouvez donc assister en temps r\u00e9el ou profiter de l\u2019enregistrement apr\u00e8s (ou les deux\ud83d\ude0d)<\/div>\n<div>**Tarif 60\u20ac pour les trois cours, les enregistrements et les notes<\/div>\n","protected":false},"excerpt":{"rendered":"<p>SAME LINK FOR ALL THREE COURSES Le Printemps !! Je vous propose un stage de trois semaines, chaque lundi de 19h30 \u00e0 20h45. Inspir\u00e9 par la m\u00e9decine traditionnelle chinoise, ce cours \u00e9quilibre les m\u00e9ridiens du Foie et de la V\u00e9sicule biliaire, influen\u00e7ant le flux de l&#8217;\u00e9nergie, l&#8217;\u00e9quilibre \u00e9motionnel et la d\u00e9toxification. &#8211; yoga doux et [&hellip;]<\/p>\n","protected":false},"featured_media":0,"comment_status":"open","ping_status":"closed","template":"","meta":{"_acf_changed":false,"_monsterinsights_skip_tracking":false,"_monsterinsights_sitenote_active":false,"_monsterinsights_sitenote_note":"","_monsterinsights_sitenote_category":0,"_links_to":"","_links_to_target":""},"product_brand":[],"product_cat":[35],"product_tag":[],"class_list":{"0":"post-2178","1":"product","2":"type-product","3":"status-publish","5":"product_cat-uncategorized","7":"first","8":"instock","9":"shipping-taxable","10":"purchasable","11":"product-type-simple"},"acf":[],"_links":{"self":[{"href":"https:\/\/www.redearthcentre.com\/fr\/wp-json\/wp\/v2\/product\/2178","targetHints":{"allow":["GET"]}}],"collection":[{"href":"https:\/\/www.redearthcentre.com\/fr\/wp-json\/wp\/v2\/product"}],"about":[{"href":"https:\/\/www.redearthcentre.com\/fr\/wp-json\/wp\/v2\/types\/product"}],"replies":[{"embeddable":true,"href":"https:\/\/www.redearthcentre.com\/fr\/wp-json\/wp\/v2\/comments?post=2178"}],"wp:attachment":[{"href":"https:\/\/www.redearthcentre.com\/fr\/wp-json\/wp\/v2\/media?parent=2178"}],"wp:term":[{"taxonomy":"product_brand","embeddable":true,"href":"https:\/\/www.redearthcentre.com\/fr\/wp-json\/wp\/v2\/product_brand?post=2178"},{"taxonomy":"product_cat","embeddable":true,"href":"https:\/\/www.redearthcentre.com\/fr\/wp-json\/wp\/v2\/product_cat?post=2178"},{"taxonomy":"product_tag","embeddable":true,"href":"https:\/\/www.redearthcentre.com\/fr\/wp-json\/wp\/v2\/product_tag?post=2178"}],"curies":[{"name":"wp","href":"https:\/\/api.w.org\/{rel}","templated":true}]}}